{"id":490,"date":"2021-12-30T21:04:35","date_gmt":"2021-12-30T21:04:35","guid":{"rendered":"http:\/\/test.urmenetamed.cl\/?page_id=490"},"modified":"2021-12-31T15:39:56","modified_gmt":"2021-12-31T15:39:56","slug":"descripcion_esp","status":"publish","type":"page","link":"https:\/\/test.urmenetamed.cl\/?page_id=490","title":{"rendered":"Descripcion_Esp"},"content":{"rendered":"<p>[et_pb_section fb_built=\u00bb1&#8243; admin_label=\u00bbsection\u00bb _builder_version=\u00bb4.4.8&#8243; use_background_color_gradient=\u00bbon\u00bb background_color_gradient_start=\u00bb#55d600&#8243; hover_enabled=\u00bb0&#8243; null=\u00bb#76f209&#8243;][et_pb_row _builder_version=\u00bb4.4.8&#8243; background_enable_color=\u00bboff\u00bb transform_translate=\u00bb0px|50px\u00bb animation_style=\u00bbslide\u00bb][et_pb_column type=\u00bb4_4&#8243; _builder_version=\u00bb4.4.8&#8243;][et_pb_toggle title=\u00bb\u00bfQu\u00e9 es la endoscopia digestiva alta?\u00bb _builder_version=\u00bb4.4.8&#8243;]<\/p>\n<p><span>Es un procedimiento diagn\u00f3stico, que permite la exploraci\u00f3n del es\u00f3fago, el est\u00f3mago y el duodeno (primera porci\u00f3n del intestino delgado) en pacientes con manifestaciones cl\u00ednicas de enfermedades del tracto digestivo alto (es\u00f3fago, est\u00f3mago y duodeno)<\/span><\/p>\n<p>[\/et_pb_toggle][et_pb_toggle title=\u00bb\u00bfPara qu\u00e9 se realiza una Endoscopia de v\u00edas digestivas altas?\u00bb _builder_version=\u00bb4.4.8&#8243;]<\/p>\n<p>Para estudiar a los pacientes con:<\/p>\n<p>\u00a0\u2022 Sospecha o diagn\u00f3stico de tumores malignos o con condiciones predisponentes para c\u00e1ncer (p\u00f3lipos).<\/p>\n<p>\u2022 S\u00edntomas digestivos como dispepsia, n\u00e1useas y v\u00f3mito persistentes de causa desconocida.<\/p>\n<p>\u2022 Sangrado del tracto digestivo alto activo o reciente, p\u00e9rdida cr\u00f3nica de sangre y anemia por deficiencia de hierro.<\/p>\n<p>[\/et_pb_toggle][et_pb_toggle title=\u00bb\u00bfEl examen es doloroso?\u00bb _builder_version=\u00bb4.4.8&#8243;]<\/p>\n<p><span>No es doloroso, pero puede ser inc\u00f3modo y molesto para el paciente, por eso se realiza bajo sedaci\u00f3n para facilitar el procedimiento.<\/span><\/p>\n<p>[\/et_pb_toggle][et_pb_toggle title=\u00bb\u00bfC\u00f3mo es la preparaci\u00f3n para la endoscopia digestiva alta?\u00bb _builder_version=\u00bb4.4.8&#8243;]<\/p>\n<p>\u2022 La preparaci\u00f3n se debe realizar siguiendo las indicaciones que se entregan al momento de programar el procedimiento.<span style=\"font-size: 14px;\">\u00a0<\/span><\/p>\n<p>\u2022 En general se requiere ayuno de al menos 6 horas antes de la endoscopia. Si se conoce o se sospecha retardo en el vaciamiento g\u00e1strico, el m\u00e9dico puede indicar m\u00e1s tiempo de restricci\u00f3n en la alimentaci\u00f3n.<span style=\"font-size: 14px;\">\u00a0<\/span><\/p>\n<p>\u2022 El paciente debe informar al m\u00e9dico todos sus antecedentes medico quir\u00fargicos y los medicamentos que est\u00e9 tomando formulados y no formulados.<span style=\"font-size: 14px;\">\u00a0<\/span><\/p>\n<p>\u2022 En los pacientes diab\u00e9ticos que requieren ajustes en las dosis de hipoglicemiantes o de insulina, por las restricciones en la dieta, asi como los pacientes con trastornos de la coagulaci\u00f3n o que consumen medicamentos anticoagulantes, requieren de indicaciones particulares dadas por su m\u00e9dico tratante.<span style=\"font-size: 14px;\">\u00a0<\/span><\/p>\n<p>\u2022 El paciente debe traer los ex\u00e1menes recientes (RX, Ecograf\u00eda, tomograf\u00eda, Resonancia) para ser revisados por el especialista en la valoraci\u00f3n m\u00e9dica o durante el procedimiento.<span style=\"font-size: 14px;\">\u00a0<\/span><\/p>\n<p>\u2022 El m\u00e9dico puede suspender el procedimiento por incumplimiento de las restricciones en la dieta o las indicaciones sobre el consumo de medicamentos; cuando el paciente no es capaz de cooperar a pesar de intentos adecuados de sedaci\u00f3n o presenta dificultades para la movilidad del cuello o para la apertura de la cavidad oral que impiden o limitan el uso de los instrumentos.<span style=\"font-size: 14px;\">\u00a0<\/span><\/p>\n<p>\u2022 La endoscopia digestiva alta no se puede realizar en pacientes con cirug\u00eda reciente, del tracto gastrointestinal, sospecha de perforaci\u00f3n visceral, falla cardiaca descompensada, antecedentes de infarto del miocardio reciente, o de procedimientos cardiovasculares como angioplastia con bal\u00f3n o implante de stent.<span style=\"font-size: 14px;\">\u00a0<\/span><\/p>\n<p>\u2022 En embarazo el m\u00e9dico definir\u00e1 la necesidad y conveniencia de realizar el procedimiento en pacientes embarazadas.<\/p>\n<p>[\/et_pb_toggle][et_pb_toggle title=\u00bb\u00bfEl procedimiento requiere hospitalizaci\u00f3n?\u00bb _builder_version=\u00bb4.4.8&#8243;]<\/p>\n<p>No. Es ambulatorio y se realiza en la sala de procedimientos del especialista.\u00a0<\/p>\n<p>\u2022 Debe venir con un acompa\u00f1ante el d\u00eda del procedimiento.<\/p>\n<p>[\/et_pb_toggle][et_pb_toggle title=\u00bbIndicaciones y Cuidados despu\u00e9s del procedimiento\u00bb _builder_version=\u00bb4.4.8&#8243;]<\/p>\n<p>En caso de sedaci\u00f3n al terminar el procedimiento los pacientes se dejan en observaci\u00f3n durante el tiempo necesario para una adecuada recuperaci\u00f3n de la sedaci\u00f3n y las molestias asociadas al procedimiento.\u00a0<\/p>\n<p>\u2022 Se recomienda no realizar actividades que requieran atenci\u00f3n como manejar o usar maquinaria pesada.\u00a0<\/p>\n<p>\u2022 El m\u00e9dico realizar\u00e1 informe escrito sobre los hallazgos del procedimiento, adem\u00e1s se informar\u00e1 si debe reclamar resultados de Patolog\u00eda, en caso de extracci\u00f3n de p\u00f3lipos o toma de biopsias.\u00a0<\/p>\n<p>\u2022 El informe del procedimiento y los resultados de patolog\u00eda los debe llevar a la consulta con el m\u00e9dico que orden\u00f3 el procedimiento.\u00a0<\/p>\n<p>\u2022 Despu\u00e9s de la endoscopia digestiva alta el paciente puede presentar algunos s\u00edntomas o se\u00f1ales de alarma por las que se debe comunicar con el m\u00e9dico o consultar al servicio de urgencias: dolor abdominal o calambres fuertes, v\u00f3mito persistente, fiebre, sensaci\u00f3n de crujido bajo la piel del cuello, dificultad para deglutir alimentos o dolor de garganta severo o deposiciones intestinales negras.<\/p>\n<p>[\/et_pb_toggle][\/et_pb_column][\/et_pb_row][\/et_pb_section][et_pb_section fb_built=\u00bb1&#8243; admin_label=\u00bbsection\u00bb _builder_version=\u00bb4.4.8&#8243; use_background_color_gradient=\u00bbon\u00bb background_color_gradient_start=\u00bbrgba(0,127,224,0.82)\u00bb hover_enabled=\u00bb0&#8243; null=\u00bbrgba(0,127,224,0.48)\u00bb][et_pb_row _builder_version=\u00bb4.4.8&#8243; background_enable_color=\u00bboff\u00bb transform_translate=\u00bb0px|-6px\u00bb animation_style=\u00bbslide\u00bb][et_pb_column type=\u00bb4_4&#8243; _builder_version=\u00bb4.4.8&#8243;][et_pb_toggle title=\u00bb\u00bfQu\u00e9 es la Colonoscopia?\u00bb _builder_version=\u00bb4.4.8&#8243;]<\/p>\n<p><span>Es un procedimiento m\u00e9dico que se realiza con fines de diagn\u00f3stico, seguimiento y tratamiento de pacientes con enfermedades del tracto digestivo inferior (Colon, recto y ano).<\/span><\/p>\n<p>[\/et_pb_toggle][et_pb_toggle title=\u00bb\u00bfPor qu\u00e9 se realiza una Colonoscopia?\u00bb _builder_version=\u00bb4.4.8&#8243;]<\/p>\n<p>Para descartar o confirmar el diagn\u00f3stico de c\u00e1ncer de colon o de recto.\u00a0<\/p>\n<p>\u2022 Para buscar la causa de sangrado en pacientes que presentan anemia por deficiencia de hierro, salida de sangre fresca por el recto o en la materia fecal, o tienen un resultado de laboratorio positivo para sangre oculta en materia fecal.\u00a0<\/p>\n<p>\u2022 Para estudio y seguimiento de pacientes con enfermedades inflamatorias cr\u00f3nicas (Colitis ulcerativa y Enfermedad de Crohn).\u00a0<\/p>\n<p>\u2022 Para extraer P\u00f3lipos (lesiones tumorales levantadas en la parte interna del intestino) y tomar muestras de tejido para estudio de patolog\u00eda (biopsias).<\/p>\n<p>[\/et_pb_toggle][et_pb_toggle title=\u00bb\u00bfC\u00f3mo se realiza la Colonoscopia?\u00bb _builder_version=\u00bb4.4.8&#8243;]<\/p>\n<p><span>Con el paciente acostado sobre el lado izquierdo, el especialista introduce a trav\u00e9s del ano, un instrumento (colonoscopio), en forma de tubo flexible con fuente de luz y una c\u00e1mara que avanza progresivamente desde el esf\u00ednter anal hasta la v\u00e1lvula ileocecal (uni\u00f3n del intestino grueso con el segmento distal del intestino delgado); la c\u00e1mara env\u00eda im\u00e1genes de la superficie mucosa del colon, recto y regi\u00f3n anal a un monitor donde las observa el m\u00e9dico. Durante el procedimiento se pueden extraer p\u00f3lipos o tomar peque\u00f1as muestras de tejido (biopsias) que se env\u00edan para estudio al laboratorio de Patolog\u00eda.<\/span><\/p>\n<p>[\/et_pb_toggle][et_pb_toggle title=\u00bb\u00bfLa Colonoscopia tiene riesgos?\u00bb _builder_version=\u00bb4.4.8&#8243;]<\/p>\n<p>Los riesgos son poco frecuentes:\u00a0<\/p>\n<p>\u2022 Sangrado: El riesgo es mayor cuando se extraen p\u00f3lipos o se toman muestras de tejido (biopsias) y en pacientes con trastornos de la coagulaci\u00f3n o que consumen medicamentos anticoagulantes, aspirina y AINES.\u00a0<\/p>\n<p>\u2022 Perforaci\u00f3n intestinal: El riesgo es mayor en pacientes con antecedentes de cirug\u00edas gastrointestinales o c\u00e1ncer avanzado.<\/p>\n<p>Pueden no recuperarse los p\u00f3lipos o lesiones resecadas durante el procedimiento.\u00a0<\/p>\n<p>\u2022 En caso de presentarse los riesgos antes se\u00f1alados el paciente requerir\u00e1 la realizaci\u00f3n de manejos m\u00e9dicos y procedimientos quir\u00fargicos adicionales que le ser\u00e1n informados en su momento al paciente o persona responsable<\/p>\n<p><span style=\"font-size: 14px;\">cardiovasculares como angioplastia con bal\u00f3n o implante de stent.<\/span><span style=\"font-size: 14px;\">\u00a0<\/span><\/p>\n<p>\u2022 En embarazo el m\u00e9dico definir\u00e1 la necesidad y conveniencia de realizar el procedimiento en pacientes embarazadas.<\/p>\n<p>[\/et_pb_toggle][et_pb_toggle title=\u00bb\u00bfEl examen es doloroso?\u00bb _builder_version=\u00bb4.4.8&#8243;]<\/p>\n<p><span>No es doloroso, pero puede ser inc\u00f3modo y molesto para el paciente, por lo cual se realiza bajo sedaci\u00f3n para facilitar la realizaci\u00f3n del procedimiento, en pacientes que consumen benzodiacepinas (alprazolam, clonazepam, etc) puede ser que la sedaci\u00f3n no sea suficiente y en estos casos es mejor realizar el procedimiento en una cl\u00ednica bajo anestesia general dada por anestesista calificado.<\/span><\/p>\n<p>[\/et_pb_toggle][et_pb_toggle title=\u00bb\u00bfQu\u00e9 preparaci\u00f3n se requiere para la colonoscopia?\u00bb _builder_version=\u00bb4.4.8&#8243;]<\/p>\n<p>\u2022 El paciente debe seguir estrictamente las indicaciones que se le entregan cuando se programa el procedimiento.\u00a0<\/p>\n<p>\u2022 En general se requiere tener el colon limpio de materia fecal, por lo que se ordenan laxantes y restricciones en la alimentaci\u00f3n; los pacientes con estre\u00f1imiento cr\u00f3nico requieren un tiempo de preparaci\u00f3n m\u00e1s prolongado.\u00a0<\/p>\n<p>\u2022 El paciente debe informar al m\u00e9dico todos sus antecedentes medico quir\u00fargicos y los medicamentos que est\u00e9 tomando, formulados y no formulados.\u00a0<\/p>\n<p>\u2022 En los pacientes diab\u00e9ticos que requieren ajustes en las dosis de hipoglicemiantes o de insulina, por las restricciones en la dieta, as\u00ed como los pacientes con trastornos de la coagulaci\u00f3n o que consumen medicamentos anticoagulantes, requieren de indicaciones particulares dadas por su m\u00e9dico tratante.\u00a0<\/p>\n<p>\u2022 El paciente debe traer los ex\u00e1menes recientes (RX, Ecograf\u00eda, tomograf\u00eda, Resonancia) para ser revisados por el especialista en la valoraci\u00f3n m\u00e9dica o durante el procedimiento.\u00a0<\/p>\n<p>\u2022 La colonoscopia no se puede realizar en pacientes con cirug\u00eda reciente del tracto gastrointestinal, sospecha de perforaci\u00f3n visceral, falla cardiaca descompensada, antecedentes de infarto del miocardio reciente, o de haberse realizado procedimientos cardiovasculares como angioplastia con bal\u00f3n o implante de stent.\u00a0<\/p>\n<p>\u2022 En pacientes embarazadas el m\u00e9dico definir\u00e1 la conveniencia de realizar el procedimiento.<\/p>\n<p>[\/et_pb_toggle][et_pb_toggle title=\u00bb\u00bfSe requieren ex\u00e1menes de laboratorio?\u00bb _builder_version=\u00bb4.4.8&#8243;]<\/p>\n<p><span style=\"font-size: 14px;\"><span>En particular a los pacientes con historia de sangrado, uso de anticoagulantes, enfermedad hep\u00e1tica cr\u00f3nica o desordenes hematol\u00f3gicos el m\u00e9dico les puede solicitar resultados recientes de hemograma y pruebas de coagulaci\u00f3n.<\/span><\/span><\/p>\n<p>[\/et_pb_toggle][et_pb_toggle title=\u00bb\u00bfEl procedimiento requiere hospitalizaci\u00f3n?\u00bb _builder_version=\u00bb4.4.8&#8243;]<\/p>\n<p>No, es ambulatorio y se realiza en la sala de procedimientos.\u00a0<\/p>\n<p>\u2022 El paciente debe venir con un acompa\u00f1ante.<\/p>\n<p>[\/et_pb_toggle][et_pb_toggle title=\u00bbIndicaciones y Cuidados despu\u00e9s del procedimiento\u00bb _builder_version=\u00bb4.4.8&#8243;]<\/p>\n<p>\u2022 Al terminar el procedimiento los pacientes se dejan en observaci\u00f3n durante el tiempo necesario para una adecuada recuperaci\u00f3n de la sedaci\u00f3n y las molestias asociadas al procedimiento.\u00a0<\/p>\n<p>\u2022 Se recomienda no realizar actividades que requieran atenci\u00f3n como manejar o usar maquinaria pesada.\u00a0<\/p>\n<p>\u2022 El m\u00e9dico realizar\u00e1 informe escrito sobre los hallazgos del procedimiento, adem\u00e1s se informar\u00e1 si debe reclamar resultados de Patolog\u00eda, en caso de extracci\u00f3n de p\u00f3lipos o toma de biopsias.\u00a0<\/p>\n<p>\u2022 El informe del procedimiento y los resultados de patolog\u00eda los debe llevar a la consulta con el m\u00e9dico que orden\u00f3 el procedimiento.\u00a0<\/p>\n<p>\u2022 Despu\u00e9s de la colonoscopia el paciente puede presentar algunos s\u00edntomas o se\u00f1ales de alarma por las que se debe comunicar con el m\u00e9dico o consultar al servicio de urgencias: dolor abdominal o calambres fuertes, v\u00f3mito persistente, fiebre, sangrado rectal, n\u00e1useas, v\u00f3mito y mareo persistentes, vomito con sangre, materia fecal con sangre o de color negro, fiebre, dificultad para respirar.<\/p>\n<p>[\/et_pb_toggle][\/et_pb_column][\/et_pb_row][\/et_pb_section][et_pb_section fb_built=\u00bb1&#8243; admin_label=\u00bbsection\u00bb _builder_version=\u00bb4.4.8&#8243; hover_enabled=\u00bb0&#8243; null=\u00bbrgba(20,53,1,0.41)\u00bb background_color=\u00bbrgba(22,79,29,0.82)\u00bb][et_pb_row _builder_version=\u00bb4.4.8&#8243; background_enable_color=\u00bboff\u00bb transform_translate=\u00bb0px|-82px\u00bb animation_style=\u00bbslide\u00bb][et_pb_column type=\u00bb4_4&#8243; _builder_version=\u00bb4.4.8&#8243;][et_pb_toggle title=\u00bb\u00bfQu\u00e9 es una ecograf\u00eda abdominal?\u00bb _builder_version=\u00bb4.4.8&#8243;]<\/p>\n<p><span>La ecograf\u00eda abdominal es una prueba diagn\u00f3stica que, a trav\u00e9s del uso de ondas de ultrasonido, permite observar los \u00f3rganos y las estructuras que se encuentran dentro de la cavidad abdominal. Tambi\u00e9n permite examinar el flujo dentro de los vasos sangu\u00edneos a trav\u00e9s de una ecograf\u00eda especial llamada ecograf\u00eda-doppler.<\/span><\/p>\n<p>[\/et_pb_toggle][\/et_pb_column][\/et_pb_row][\/et_pb_section]<\/p>\n","protected":false},"excerpt":{"rendered":"<p>[et_pb_section fb_built=\u00bb1&#8243; admin_label=\u00bbsection\u00bb _builder_version=\u00bb4.4.8&#8243; use_background_color_gradient=\u00bbon\u00bb background_color_gradient_start=\u00bb#55d600&#8243; hover_enabled=\u00bb0&#8243; null=\u00bb#76f209&#8243;][et_pb_row _builder_version=\u00bb4.4.8&#8243; background_enable_color=\u00bboff\u00bb transform_translate=\u00bb0px|50px\u00bb animation_style=\u00bbslide\u00bb][et_pb_column type=\u00bb4_4&#8243; _builder_version=\u00bb4.4.8&#8243;][et_pb_toggle title=\u00bb\u00bfQu\u00e9 es la endoscopia digestiva alta?\u00bb _builder_version=\u00bb4.4.8&#8243;] Es un procedimiento diagn\u00f3stico, que permite la exploraci\u00f3n del es\u00f3fago, el est\u00f3mago y el duodeno (primera porci\u00f3n del intestino delgado) en pacientes con manifestaciones cl\u00ednicas de enfermedades del tracto digestivo alto (es\u00f3fago, est\u00f3mago y [&hellip;]<\/p>\n","protected":false},"author":1,"featured_media":0,"parent":0,"menu_order":0,"comment_status":"closed","ping_status":"closed","template":"","meta":{"_et_pb_use_builder":"on","_et_pb_old_content":"","_et_gb_content_width":""},"_links":{"self":[{"href":"https:\/\/test.urmenetamed.cl\/index.php?rest_route=\/wp\/v2\/pages\/490"}],"collection":[{"href":"https:\/\/test.urmenetamed.cl\/index.php?rest_route=\/wp\/v2\/pages"}],"about":[{"href":"https:\/\/test.urmenetamed.cl\/index.php?rest_route=\/wp\/v2\/types\/page"}],"author":[{"embeddable":true,"href":"https:\/\/test.urmenetamed.cl\/index.php?rest_route=\/wp\/v2\/users\/1"}],"replies":[{"embeddable":true,"href":"https:\/\/test.urmenetamed.cl\/index.php?rest_route=%2Fwp%2Fv2%2Fcomments&post=490"}],"version-history":[{"count":17,"href":"https:\/\/test.urmenetamed.cl\/index.php?rest_route=\/wp\/v2\/pages\/490\/revisions"}],"predecessor-version":[{"id":544,"href":"https:\/\/test.urmenetamed.cl\/index.php?rest_route=\/wp\/v2\/pages\/490\/revisions\/544"}],"wp:attachment":[{"href":"https:\/\/test.urmenetamed.cl\/index.php?rest_route=%2Fwp%2Fv2%2Fmedia&parent=490"}],"curies":[{"name":"wp","href":"https:\/\/api.w.org\/{rel}","templated":true}]}}