{"id":371,"date":"2021-07-29T17:19:46","date_gmt":"2021-07-29T17:19:46","guid":{"rendered":"http:\/\/test.urmenetamed.cl\/?page_id=371"},"modified":"2022-02-16T16:09:28","modified_gmt":"2022-02-16T16:09:28","slug":"contacto","status":"publish","type":"page","link":"https:\/\/test.urmenetamed.cl\/?page_id=371","title":{"rendered":"Contacto"},"content":{"rendered":"<p>[et_pb_section fb_built=\u00bb1&#8243; admin_label=\u00bbCall To Action\u00bb _builder_version=\u00bb3.22&#8243; background_color=\u00bb#f1f5f7&#8243; background_image=\u00bbhttp:\/\/test.urmenetamed.cl\/wp-content\/uploads\/2021\/07\/doctors-01.png\u00bb background_size=\u00bbcontain\u00bb background_position=\u00bbcenter_left\u00bb custom_margin=\u00bb0px|0px|0px|0px\u00bb custom_padding=\u00bb0|0px|0|0px|false|false\u00bb border_color_all=\u00bb#f1f5f7&#8243; border_width_bottom=\u00bb50px\u00bb][et_pb_row use_custom_gutter=\u00bbon\u00bb _builder_version=\u00bb3.25&#8243; use_background_color_gradient=\u00bbon\u00bb background_color_gradient_start=\u00bbrgba(49,128,192,0.2)\u00bb background_color_gradient_end=\u00bbrgba(49,128,192,0.6)\u00bb background_color_gradient_overlays_image=\u00bbon\u00bb background_image=\u00bbhttp:\/\/test.urmenetamed.cl\/wp-content\/uploads\/2021\/07\/doctor-02.jpg\u00bb width=\u00bb93%\u00bb max_width=\u00bb93%\u00bb module_alignment=\u00bbright\u00bb custom_margin=\u00bb|||\u00bb custom_margin_phone=\u00bb|||\u00bb custom_margin_last_edited=\u00bboff|desktop\u00bb custom_padding=\u00bb100px|40px|100px|40px|true|true\u00bb animation_style=\u00bbslide\u00bb animation_direction=\u00bbright\u00bb animation_intensity_slide=\u00bb5%\u00bb border_radii=\u00bb|30px|||30px\u00bb box_shadow_style=\u00bbpreset3&#8243; box_shadow_vertical=\u00bb30px\u00bb box_shadow_blur=\u00bb80px\u00bb box_shadow_spread=\u00bb-30px\u00bb box_shadow_color=\u00bbrgba(102,141,186,0.7)\u00bb use_custom_width=\u00bbon\u00bb width_unit=\u00bboff\u00bb custom_width_percent=\u00bb93%\u00bb][et_pb_column type=\u00bb4_4&#8243; _builder_version=\u00bb3.25&#8243; custom_padding=\u00bb|||\u00bb custom_padding__hover=\u00bb|||\u00bb][et_pb_image src=\u00bbhttp:\/\/test.urmenetamed.cl\/wp-content\/uploads\/2021\/07\/favico.png\u00bb title_text=\u00bbfavico\u00bb align=\u00bbcenter\u00bb align_tablet=\u00bbcenter\u00bb align_phone=\u00bb\u00bb align_last_edited=\u00bbon|desktop\u00bb _builder_version=\u00bb4.4.8&#8243;][\/et_pb_image][et_pb_text _builder_version=\u00bb3.27.4&#8243; header_font=\u00bb||||||||\u00bb header_2_font=\u00bbMontserrat|300|||||||\u00bb header_2_text_align=\u00bbcenter\u00bb header_2_text_color=\u00bb#ffffff\u00bb header_2_font_size=\u00bb55px\u00bb header_2_line_height=\u00bb1.4em\u00bb max_width=\u00bb900px\u00bb module_alignment=\u00bbcenter\u00bb header_2_font_size_tablet=\u00bb40px\u00bb header_2_font_size_phone=\u00bb30px\u00bb header_2_font_size_last_edited=\u00bbon|phone\u00bb]<\/p>\n<h2>Centro M\u00e9dico URMENETA<\/h2>\n<p>[\/et_pb_text][et_pb_text _builder_version=\u00bb4.4.8&#8243; text_font=\u00bbMontserrat|300|||||||\u00bb text_font_size=\u00bb22px\u00bb header_font=\u00bb||||||||\u00bb text_orientation=\u00bbcenter\u00bb background_layout=\u00bbdark\u00bb hover_enabled=\u00bb0&#8243;]<\/p>\n<p><span>Estimado paciente, para obtener una comunicaci\u00f3n m\u00e1s expedita con nosotros, favor complete el siguiente formulario de contacto y a la brevedad tomaremos contacto con usted.<\/span><\/p>\n<p><strong>Ll\u00e1menos directamente 332333820<\/strong><\/p>\n<p><strong>Solo WSP (+56) 953742959\u00a0<\/strong><\/p>\n<p>[\/et_pb_text][et_pb_contact_form captcha=\u00bboff\u00bb email=\u00bbcentromedicourmeneta@gmail.com\u00bb submit_button_text=\u00bbEnviar\u00bb admin_label=\u00bbContact Form\u00bb module_id=\u00bbet_pb_contact_form_0&#8243; _builder_version=\u00bb4.4.8&#8243; form_field_background_color=\u00bb#ffffff\u00bb form_field_text_color=\u00bbrgba(0,0,0,0.4)\u00bb title_font=\u00bb||||||||\u00bb form_field_font=\u00bbMontserrat||||||||\u00bb form_field_line_height=\u00bb1.8em\u00bb custom_button=\u00bbon\u00bb button_text_size=\u00bb14px\u00bb button_text_color=\u00bb#ffffff\u00bb button_bg_color=\u00bb#48d14c\u00bb button_border_width=\u00bb18px\u00bb button_border_color=\u00bb#48d14c\u00bb button_border_radius=\u00bb32px\u00bb button_letter_spacing=\u00bb1px\u00bb button_font=\u00bbMontserrat|500|||||||\u00bb max_width=\u00bb800px\u00bb module_alignment=\u00bbcenter\u00bb border_radii=\u00bbon|8px|8px|8px|8px\u00bb form_background_color=\u00bb#ffffff\u00bb][et_pb_contact_field field_id=\u00bbNombre\u00bb field_title=\u00bbNombre completo\u00bb _builder_version=\u00bb4.4.8&#8243; button_text_size__hover_enabled=\u00bboff\u00bb button_one_text_size__hover_enabled=\u00bboff\u00bb button_two_text_size__hover_enabled=\u00bboff\u00bb button_text_color__hover_enabled=\u00bboff\u00bb button_one_text_color__hover_enabled=\u00bboff\u00bb button_two_text_color__hover_enabled=\u00bboff\u00bb button_border_width__hover_enabled=\u00bboff\u00bb button_one_border_width__hover_enabled=\u00bboff\u00bb button_two_border_width__hover_enabled=\u00bboff\u00bb button_border_color__hover_enabled=\u00bboff\u00bb button_one_border_color__hover_enabled=\u00bboff\u00bb button_two_border_color__hover_enabled=\u00bboff\u00bb button_border_radius__hover_enabled=\u00bboff\u00bb button_one_border_radius__hover_enabled=\u00bboff\u00bb button_two_border_radius__hover_enabled=\u00bboff\u00bb button_letter_spacing__hover_enabled=\u00bboff\u00bb button_one_letter_spacing__hover_enabled=\u00bboff\u00bb button_two_letter_spacing__hover_enabled=\u00bboff\u00bb button_bg_color__hover_enabled=\u00bboff\u00bb button_one_bg_color__hover_enabled=\u00bboff\u00bb button_two_bg_color__hover_enabled=\u00bboff\u00bb][\/et_pb_contact_field][et_pb_contact_field field_id=\u00bbTel\u00e9fono\u00bb field_title=\u00bbN\u00famero Tel\u00e9fono\u00bb field_type=\u00bbemail\u00bb _builder_version=\u00bb4.4.8&#8243; button_text_size__hover_enabled=\u00bboff\u00bb button_one_text_size__hover_enabled=\u00bboff\u00bb button_two_text_size__hover_enabled=\u00bboff\u00bb button_text_color__hover_enabled=\u00bboff\u00bb button_one_text_color__hover_enabled=\u00bboff\u00bb button_two_text_color__hover_enabled=\u00bboff\u00bb button_border_width__hover_enabled=\u00bboff\u00bb button_one_border_width__hover_enabled=\u00bboff\u00bb button_two_border_width__hover_enabled=\u00bboff\u00bb button_border_color__hover_enabled=\u00bboff\u00bb button_one_border_color__hover_enabled=\u00bboff\u00bb button_two_border_color__hover_enabled=\u00bboff\u00bb button_border_radius__hover_enabled=\u00bboff\u00bb button_one_border_radius__hover_enabled=\u00bboff\u00bb button_two_border_radius__hover_enabled=\u00bboff\u00bb button_letter_spacing__hover_enabled=\u00bboff\u00bb button_one_letter_spacing__hover_enabled=\u00bboff\u00bb button_two_letter_spacing__hover_enabled=\u00bboff\u00bb button_bg_color__hover_enabled=\u00bboff\u00bb button_one_bg_color__hover_enabled=\u00bboff\u00bb button_two_bg_color__hover_enabled=\u00bboff\u00bb][\/et_pb_contact_field][et_pb_contact_field field_id=\u00bbEmail\u00bb field_title=\u00bbIngrese su Email\u00bb field_type=\u00bbemail\u00bb _builder_version=\u00bb4.4.8&#8243; button_text_size__hover_enabled=\u00bboff\u00bb button_one_text_size__hover_enabled=\u00bboff\u00bb button_two_text_size__hover_enabled=\u00bboff\u00bb button_text_color__hover_enabled=\u00bboff\u00bb button_one_text_color__hover_enabled=\u00bboff\u00bb button_two_text_color__hover_enabled=\u00bboff\u00bb button_border_width__hover_enabled=\u00bboff\u00bb button_one_border_width__hover_enabled=\u00bboff\u00bb button_two_border_width__hover_enabled=\u00bboff\u00bb button_border_color__hover_enabled=\u00bboff\u00bb button_one_border_color__hover_enabled=\u00bboff\u00bb button_two_border_color__hover_enabled=\u00bboff\u00bb button_border_radius__hover_enabled=\u00bboff\u00bb button_one_border_radius__hover_enabled=\u00bboff\u00bb button_two_border_radius__hover_enabled=\u00bboff\u00bb button_letter_spacing__hover_enabled=\u00bboff\u00bb button_one_letter_spacing__hover_enabled=\u00bboff\u00bb button_two_letter_spacing__hover_enabled=\u00bboff\u00bb button_bg_color__hover_enabled=\u00bboff\u00bb button_one_bg_color__hover_enabled=\u00bboff\u00bb button_two_bg_color__hover_enabled=\u00bboff\u00bb][\/et_pb_contact_field][et_pb_contact_field field_id=\u00bbSeleccionar_especialidad\u00bb field_title=\u00bbEspacialidad\u00bb field_type=\u00bbselect\u00bb select_options=\u00bb%91{%22value%22:%22Gastroenterolog\u00eda%22,%22checked%22:0,%22dragID%22:-1},{%22value%22:%22Diabetolog\u00eda%22,%22checked%22:0,%22dragID%22:0},{%22value%22:%22Sicolog\u00eda%22,%22checked%22:0,%22dragID%22:1},{%22value%22:%22Enfermedades Respiratorias%22,%22checked%22:0,%22dragID%22:2},{%22value%22:%22Medicina Interna%22,%22checked%22:0,%22dragID%22:3},{%22value%22:%22Pediatr\u00eda y Medicina familiar%22,%22checked%22:0,%22dragID%22:4},{%22value%22:%22Ginecolog\u00eda%22,%22checked%22:0,%22dragID%22:5},{%22value%22:%22Nutrici\u00f3n%22,%22checked%22:0,%22dragID%22:6},{%22value%22:%22Psicopedagog\u00eda%22,%22checked%22:0,%22dragID%22:7}%93&#8243; _builder_version=\u00bb4.4.8&#8243; button_text_size__hover_enabled=\u00bboff\u00bb button_one_text_size__hover_enabled=\u00bboff\u00bb button_two_text_size__hover_enabled=\u00bboff\u00bb button_text_color__hover_enabled=\u00bboff\u00bb button_one_text_color__hover_enabled=\u00bboff\u00bb button_two_text_color__hover_enabled=\u00bboff\u00bb button_border_width__hover_enabled=\u00bboff\u00bb button_one_border_width__hover_enabled=\u00bboff\u00bb button_two_border_width__hover_enabled=\u00bboff\u00bb button_border_color__hover_enabled=\u00bboff\u00bb button_one_border_color__hover_enabled=\u00bboff\u00bb button_two_border_color__hover_enabled=\u00bboff\u00bb button_border_radius__hover_enabled=\u00bboff\u00bb button_one_border_radius__hover_enabled=\u00bboff\u00bb button_two_border_radius__hover_enabled=\u00bboff\u00bb button_letter_spacing__hover_enabled=\u00bboff\u00bb button_one_letter_spacing__hover_enabled=\u00bboff\u00bb button_two_letter_spacing__hover_enabled=\u00bboff\u00bb button_bg_color__hover_enabled=\u00bboff\u00bb button_one_bg_color__hover_enabled=\u00bboff\u00bb button_two_bg_color__hover_enabled=\u00bboff\u00bb][\/et_pb_contact_field][et_pb_contact_field field_id=\u00bbMensaje\u00bb field_title=\u00bbIngrese su mensaje\u00bb field_type=\u00bbtext\u00bb fullwidth_field=\u00bbon\u00bb _builder_version=\u00bb4.4.8&#8243; button_text_size__hover_enabled=\u00bboff\u00bb button_one_text_size__hover_enabled=\u00bboff\u00bb button_two_text_size__hover_enabled=\u00bboff\u00bb button_text_color__hover_enabled=\u00bboff\u00bb button_one_text_color__hover_enabled=\u00bboff\u00bb button_two_text_color__hover_enabled=\u00bboff\u00bb button_border_width__hover_enabled=\u00bboff\u00bb button_one_border_width__hover_enabled=\u00bboff\u00bb button_two_border_width__hover_enabled=\u00bboff\u00bb button_border_color__hover_enabled=\u00bboff\u00bb button_one_border_color__hover_enabled=\u00bboff\u00bb button_two_border_color__hover_enabled=\u00bboff\u00bb button_border_radius__hover_enabled=\u00bboff\u00bb button_one_border_radius__hover_enabled=\u00bboff\u00bb button_two_border_radius__hover_enabled=\u00bboff\u00bb button_letter_spacing__hover_enabled=\u00bboff\u00bb button_one_letter_spacing__hover_enabled=\u00bboff\u00bb button_two_letter_spacing__hover_enabled=\u00bboff\u00bb button_bg_color__hover_enabled=\u00bboff\u00bb button_one_bg_color__hover_enabled=\u00bboff\u00bb button_two_bg_color__hover_enabled=\u00bboff\u00bb][\/et_pb_contact_field][\/et_pb_contact_form][\/et_pb_column][\/et_pb_row][\/et_pb_section]<\/p>\n","protected":false},"excerpt":{"rendered":"<p>[et_pb_section fb_built=\u00bb1&#8243; admin_label=\u00bbCall To Action\u00bb _builder_version=\u00bb3.22&#8243; background_color=\u00bb#f1f5f7&#8243; background_image=\u00bbhttp:\/\/test.urmenetamed.cl\/wp-content\/uploads\/2021\/07\/doctors-01.png\u00bb background_size=\u00bbcontain\u00bb background_position=\u00bbcenter_left\u00bb custom_margin=\u00bb0px|0px|0px|0px\u00bb custom_padding=\u00bb0|0px|0|0px|false|false\u00bb border_color_all=\u00bb#f1f5f7&#8243; border_width_bottom=\u00bb50px\u00bb][et_pb_row use_custom_gutter=\u00bbon\u00bb _builder_version=\u00bb3.25&#8243; use_background_color_gradient=\u00bbon\u00bb background_color_gradient_start=\u00bbrgba(49,128,192,0.2)\u00bb background_color_gradient_end=\u00bbrgba(49,128,192,0.6)\u00bb background_color_gradient_overlays_image=\u00bbon\u00bb background_image=\u00bbhttp:\/\/test.urmenetamed.cl\/wp-content\/uploads\/2021\/07\/doctor-02.jpg\u00bb width=\u00bb93%\u00bb max_width=\u00bb93%\u00bb module_alignment=\u00bbright\u00bb custom_margin=\u00bb|||\u00bb custom_margin_phone=\u00bb|||\u00bb custom_margin_last_edited=\u00bboff|desktop\u00bb custom_padding=\u00bb100px|40px|100px|40px|true|true\u00bb animation_style=\u00bbslide\u00bb animation_direction=\u00bbright\u00bb animation_intensity_slide=\u00bb5%\u00bb border_radii=\u00bb|30px|||30px\u00bb box_shadow_style=\u00bbpreset3&#8243; box_shadow_vertical=\u00bb30px\u00bb box_shadow_blur=\u00bb80px\u00bb box_shadow_spread=\u00bb-30px\u00bb box_shadow_color=\u00bbrgba(102,141,186,0.7)\u00bb use_custom_width=\u00bbon\u00bb width_unit=\u00bboff\u00bb custom_width_percent=\u00bb93%\u00bb][et_pb_column type=\u00bb4_4&#8243; _builder_version=\u00bb3.25&#8243; custom_padding=\u00bb|||\u00bb custom_padding__hover=\u00bb|||\u00bb][et_pb_image src=\u00bbhttp:\/\/test.urmenetamed.cl\/wp-content\/uploads\/2021\/07\/favico.png\u00bb title_text=\u00bbfavico\u00bb align=\u00bbcenter\u00bb align_tablet=\u00bbcenter\u00bb align_phone=\u00bb\u00bb align_last_edited=\u00bbon|desktop\u00bb _builder_version=\u00bb4.4.8&#8243;][\/et_pb_image][et_pb_text _builder_version=\u00bb3.27.4&#8243; header_font=\u00bb||||||||\u00bb header_2_font=\u00bbMontserrat|300|||||||\u00bb header_2_text_align=\u00bbcenter\u00bb [&hellip;]<\/p>\n","protected":false},"author":1,"featured_media":0,"parent":0,"menu_order":0,"comment_status":"closed","ping_status":"closed","template":"","meta":{"_et_pb_use_builder":"on","_et_pb_old_content":"","_et_gb_content_width":""},"_links":{"self":[{"href":"https:\/\/test.urmenetamed.cl\/index.php?rest_route=\/wp\/v2\/pages\/371"}],"collection":[{"href":"https:\/\/test.urmenetamed.cl\/index.php?rest_route=\/wp\/v2\/pages"}],"about":[{"href":"https:\/\/test.urmenetamed.cl\/index.php?rest_route=\/wp\/v2\/types\/page"}],"author":[{"embeddable":true,"href":"https:\/\/test.urmenetamed.cl\/index.php?rest_route=\/wp\/v2\/users\/1"}],"replies":[{"embeddable":true,"href":"https:\/\/test.urmenetamed.cl\/index.php?rest_route=%2Fwp%2Fv2%2Fcomments&post=371"}],"version-history":[{"count":5,"href":"https:\/\/test.urmenetamed.cl\/index.php?rest_route=\/wp\/v2\/pages\/371\/revisions"}],"predecessor-version":[{"id":594,"href":"https:\/\/test.urmenetamed.cl\/index.php?rest_route=\/wp\/v2\/pages\/371\/revisions\/594"}],"wp:attachment":[{"href":"https:\/\/test.urmenetamed.cl\/index.php?rest_route=%2Fwp%2Fv2%2Fmedia&parent=371"}],"curies":[{"name":"wp","href":"https:\/\/api.w.org\/{rel}","templated":true}]}}